{"id":235,"date":"2025-04-07T13:35:30","date_gmt":"2025-04-07T13:35:30","guid":{"rendered":"https:\/\/martinalovric.com\/?page_id=235"},"modified":"2025-06-09T12:18:51","modified_gmt":"2025-06-09T12:18:51","slug":"impressum","status":"publish","type":"page","link":"https:\/\/martinalovric.com\/de\/impressum\/","title":{"rendered":"Impressum"},"content":{"rendered":"<div data-elementor-type=\"wp-page\" data-elementor-id=\"235\" class=\"elementor elementor-235\" data-elementor-post-type=\"page\">\n\t\t\t\t<div class=\"elementor-element elementor-element-deef5d5 e-flex e-con-boxed e-con e-parent\" data-id=\"deef5d5\" data-element_type=\"container\">\n\t\t\t\t\t<div class=\"e-con-inner\">\n\t\t<div class=\"elementor-element elementor-element-efacb41 e-con-full e-flex e-con e-child\" data-id=\"efacb41\" data-element_type=\"container\" data-settings=\"{&quot;background_background&quot;:&quot;classic&quot;}\">\n\t\t<div class=\"elementor-element elementor-element-6dfab4f e-con-full e-flex e-con e-child\" data-id=\"6dfab4f\" data-element_type=\"container\">\n\t\t\t\t<div class=\"elementor-element elementor-element-909cc19 elementor-widget elementor-widget-heading\" data-id=\"909cc19\" data-element_type=\"widget\" data-widget_type=\"heading.default\">\n\t\t\t\t<div class=\"elementor-widget-container\">\n\t\t\t\t\t<h2 class=\"elementor-heading-title elementor-size-default\">HYDRO LENS d.o.o.<\/h2>\t\t\t\t<\/div>\n\t\t\t\t<\/div>\n\t\t\t\t<div class=\"elementor-element elementor-element-7c0e913 elementor-widget elementor-widget-text-editor\" data-id=\"7c0e913\" data-element_type=\"widget\" data-widget_type=\"text-editor.default\">\n\t\t\t\t<div class=\"elementor-widget-container\">\n\t\t\t\t\t\t\t\t\t<p class=\" translation-block\"><strong>Sitz<\/strong>:\u202852 000 Pula<\/p><p><strong>OIB:<\/strong>03822522049<\/p><p><strong>MBS:<\/strong>130158451<\/p>\t\t\t\t\t\t\t\t<\/div>\n\t\t\t\t<\/div>\n\t\t\t\t<\/div>\n\t\t<div class=\"elementor-element elementor-element-fa6abef e-con-full e-flex e-con e-child\" data-id=\"fa6abef\" data-element_type=\"container\">\n\t\t\t\t<div class=\"elementor-element elementor-element-eeec761 elementor-widget elementor-widget-text-editor\" data-id=\"eeec761\" data-element_type=\"widget\" data-widget_type=\"text-editor.default\">\n\t\t\t\t<div class=\"elementor-widget-container\">\n\t\t\t\t\t\t\t\t\t<p><strong>Vollst\u00e4ndiger Name:<\/strong> HYDRO LENS Gesellschaft mit beschr\u00e4nkter Haftung f\u00fcr Dienstleistungen<\/p><p><strong>Zust\u00e4ndiges Gericht:<\/strong> Handelsgericht in Pazin<\/p><p><strong>Inhaber:<\/strong> Mi\u0161o Lovri\u0107<\/p><p><strong>IBAN: <\/strong>HR8124840081135420654<\/p>\t\t\t\t\t\t\t\t<\/div>\n\t\t\t\t<\/div>\n\t\t\t\t<\/div>\n\t\t\t\t<div class=\"elementor-element elementor-element-baa5b1f elementor-widget__width-inherit elementor-absolute elementor-hidden-tablet elementor-hidden-mobile elementor-widget elementor-widget-image\" data-id=\"baa5b1f\" data-element_type=\"widget\" data-settings=\"{&quot;_position&quot;:&quot;absolute&quot;,&quot;motion_fx_motion_fx_scrolling&quot;:&quot;yes&quot;,&quot;motion_fx_translateY_effect&quot;:&quot;yes&quot;,&quot;motion_fx_translateY_affectedRange&quot;:{&quot;unit&quot;:&quot;%&quot;,&quot;size&quot;:&quot;&quot;,&quot;sizes&quot;:{&quot;start&quot;:20,&quot;end&quot;:100}},&quot;motion_fx_scale_effect&quot;:&quot;yes&quot;,&quot;motion_fx_scale_direction&quot;:&quot;in-out&quot;,&quot;motion_fx_scale_speed&quot;:{&quot;unit&quot;:&quot;px&quot;,&quot;size&quot;:2,&quot;sizes&quot;:[]},&quot;motion_fx_scale_range&quot;:{&quot;unit&quot;:&quot;%&quot;,&quot;size&quot;:&quot;&quot;,&quot;sizes&quot;:{&quot;start&quot;:20,&quot;end&quot;:76}},&quot;motion_fx_translateY_speed&quot;:{&quot;unit&quot;:&quot;px&quot;,&quot;size&quot;:4,&quot;sizes&quot;:[]},&quot;motion_fx_devices&quot;:[&quot;desktop&quot;,&quot;tablet&quot;,&quot;mobile&quot;]}\" data-widget_type=\"image.default\">\n\t\t\t\t<div class=\"elementor-widget-container\">\n\t\t\t\t\t\t\t\t\t\t\t\t\t\t\t<img fetchpriority=\"high\" decoding=\"async\" width=\"2976\" height=\"3867\" src=\"https:\/\/martinalovric.com\/wp-content\/uploads\/2025\/04\/Ukras-desni.png\" class=\"attachment-full size-full wp-image-2951\" alt=\"\" srcset=\"https:\/\/martinalovric.com\/wp-content\/uploads\/2025\/04\/Ukras-desni.png 2976w, https:\/\/martinalovric.com\/wp-content\/uploads\/2025\/04\/Ukras-desni-231x300.png 231w, https:\/\/martinalovric.com\/wp-content\/uploads\/2025\/04\/Ukras-desni-788x1024.png 788w, https:\/\/martinalovric.com\/wp-content\/uploads\/2025\/04\/Ukras-desni-768x998.png 768w, https:\/\/martinalovric.com\/wp-content\/uploads\/2025\/04\/Ukras-desni-1182x1536.png 1182w, https:\/\/martinalovric.com\/wp-content\/uploads\/2025\/04\/Ukras-desni-1576x2048.png 1576w, https:\/\/martinalovric.com\/wp-content\/uploads\/2025\/04\/Ukras-desni-9x12.png 9w\" sizes=\"(max-width: 2976px) 100vw, 2976px\" \/>\t\t\t\t\t\t\t\t\t\t\t\t\t\t\t<\/div>\n\t\t\t\t<\/div>\n\t\t\t\t<\/div>\n\t\t\t\t\t<\/div>\n\t\t\t\t<\/div>\n\t\t<div class=\"elementor-element elementor-element-962f3ff e-flex e-con-boxed e-con e-parent\" data-id=\"962f3ff\" data-element_type=\"container\">\n\t\t\t\t\t<div class=\"e-con-inner\">\n\t\t<div class=\"elementor-element elementor-element-56301c8 e-con-full e-flex e-con e-child\" data-id=\"56301c8\" data-element_type=\"container\">\n\t\t\t\t<div class=\"elementor-element elementor-element-7f1a937 elementor-widget elementor-widget-heading\" data-id=\"7f1a937\" data-element_type=\"widget\" data-widget_type=\"heading.default\">\n\t\t\t\t<div class=\"elementor-widget-container\">\n\t\t\t\t\t<h2 class=\"elementor-heading-title elementor-size-default\">Gemeinsam halten wir fest, was euch wichtig ist <\/h2>\t\t\t\t<\/div>\n\t\t\t\t<\/div>\n\t\t\t\t<\/div>\n\t\t<div class=\"elementor-element elementor-element-609f029 e-con-full e-flex e-con e-child\" data-id=\"609f029\" data-element_type=\"container\">\n\t\t\t\t<div class=\"elementor-element elementor-element-27b93a7 elementor-align-right elementor-tablet-align-right elementor-widget elementor-widget-button\" data-id=\"27b93a7\" data-element_type=\"widget\" data-widget_type=\"button.default\">\n\t\t\t\t<div class=\"elementor-widget-container\">\n\t\t\t\t\t\t\t\t\t<div class=\"elementor-button-wrapper\">\n\t\t\t\t\t<a class=\"elementor-button elementor-button-link elementor-size-sm\" href=\"https:\/\/martinalovric.com\/de\/kontakt\/\">\n\t\t\t\t\t\t<span class=\"elementor-button-content-wrapper\">\n\t\t\t\t\t\t<span class=\"elementor-button-icon\">\n\t\t\t\t<svg xmlns=\"http:\/\/www.w3.org\/2000\/svg\" width=\"33\" height=\"14\" viewbox=\"0 0 33 14\" fill=\"none\"><path d=\"M23.9297 0C23.9297 3.5 29.644 5.25 29.644 7C29.644 8.75 23.9297 9.91667 23.9297 14\" stroke=\"white\" stroke-width=\"1.3\"><\/path><path d=\"M29.6434 7H2.21484\" stroke=\"white\" stroke-width=\"1.3\"><\/path><\/svg>\t\t\t<\/span>\n\t\t\t\t\t\t\t\t\t<span class=\"elementor-button-text\">Termin vereinbaren<\/span>\n\t\t\t\t\t<\/span>\n\t\t\t\t\t<\/a>\n\t\t\t\t<\/div>\n\t\t\t\t\t\t\t\t<\/div>\n\t\t\t\t<\/div>\n\t\t\t\t<\/div>\n\t\t\t\t\t<\/div>\n\t\t\t\t<\/div>\n\t\t\t\t<\/div>","protected":false},"excerpt":{"rendered":"<p>HYDRO LENS d.o.o. Sjedi\u0161te:\u202852 000 Pula OIB:03822522049 MBS:130158451 Puni naziv: HYDRO LENS dru\u0161tvo s ograni\u010denom odgovorno\u0161\u0107u za usluge Upravno tijelo: Trgova\u010dki sud u Pazinu Vlasnik: Mi\u0161o Lovri\u0107 IBAN: HR8124840081135420654 Zajedno stvarajmo uspomene koje \u0107e trajati zauvijek. DOGOVORITE SVOJ TERMIN<\/p>","protected":false},"author":1,"featured_media":0,"parent":0,"menu_order":0,"comment_status":"closed","ping_status":"closed","template":"elementor_header_footer","meta":{"footnotes":""},"class_list":["post-235","page","type-page","status-publish","hentry"],"yoast_head":"<!-- This site is optimized with the Yoast SEO plugin v24.8.1 - https:\/\/yoast.com\/wordpress\/plugins\/seo\/ -->\n<title>Impressum - Zabilje\u017eite va\u0161e posebne trenutke<\/title>\n<meta name=\"robots\" content=\"index, follow, max-snippet:-1, max-image-preview:large, max-video-preview:-1\" \/>\n<link rel=\"canonical\" href=\"https:\/\/martinalovric.com\/de\/impressum\/\" \/>\n<meta property=\"og:locale\" content=\"de_DE\" \/>\n<meta property=\"og:type\" content=\"article\" \/>\n<meta property=\"og:title\" content=\"Impressum - Zabilje\u017eite va\u0161e posebne trenutke\" \/>\n<meta property=\"og:description\" content=\"HYDRO LENS d.o.o. Sjedi\u0161te:\u202852 000 Pula OIB:03822522049 MBS:130158451 Puni naziv: HYDRO LENS dru\u0161tvo s ograni\u010denom odgovorno\u0161\u0107u za usluge Upravno tijelo: Trgova\u010dki sud u Pazinu Vlasnik: Mi\u0161o Lovri\u0107 IBAN: HR8124840081135420654 Zajedno stvarajmo uspomene koje \u0107e trajati zauvijek. DOGOVORITE SVOJ TERMIN\" \/>\n<meta property=\"og:url\" content=\"https:\/\/martinalovric.com\/de\/impressum\/\" \/>\n<meta property=\"og:site_name\" content=\"Martina Lovri\u0107 Fotografije\" \/>\n<meta property=\"article:publisher\" content=\"https:\/\/www.facebook.com\/MartinaLovricPhotography\" \/>\n<meta property=\"article:modified_time\" content=\"2025-06-09T12:18:51+00:00\" \/>\n<meta property=\"og:image\" content=\"https:\/\/martinalovric.com\/wp-content\/uploads\/2025\/04\/Ukras-desni.png\" \/>\n\t<meta property=\"og:image:width\" content=\"2976\" \/>\n\t<meta property=\"og:image:height\" content=\"3867\" \/>\n\t<meta property=\"og:image:type\" content=\"image\/png\" \/>\n<meta name=\"twitter:card\" content=\"summary_large_image\" \/>\n<meta name=\"twitter:label1\" content=\"Gesch\u00e4tzte Lesezeit\" \/>\n\t<meta name=\"twitter:data1\" content=\"1\u00a0Minute\" \/>\n<script type=\"application\/ld+json\" class=\"yoast-schema-graph\">{\"@context\":\"https:\/\/schema.org\",\"@graph\":[{\"@type\":\"WebPage\",\"@id\":\"https:\/\/martinalovric.com\/impressum\/\",\"url\":\"https:\/\/martinalovric.com\/impressum\/\",\"name\":\"Impressum - Zabilje\u017eite va\u0161e posebne trenutke\",\"isPartOf\":{\"@id\":\"https:\/\/martinalovric.com\/#website\"},\"primaryImageOfPage\":{\"@id\":\"https:\/\/martinalovric.com\/impressum\/#primaryimage\"},\"image\":{\"@id\":\"https:\/\/martinalovric.com\/impressum\/#primaryimage\"},\"thumbnailUrl\":\"https:\/\/martinalovric.com\/wp-content\/uploads\/2025\/04\/Ukras-desni.png\",\"datePublished\":\"2025-04-07T13:35:30+00:00\",\"dateModified\":\"2025-06-09T12:18:51+00:00\",\"breadcrumb\":{\"@id\":\"https:\/\/martinalovric.com\/impressum\/#breadcrumb\"},\"inLanguage\":\"de-CH\",\"potentialAction\":[{\"@type\":\"ReadAction\",\"target\":[\"https:\/\/martinalovric.com\/impressum\/\"]}]},{\"@type\":\"ImageObject\",\"inLanguage\":\"de-CH\",\"@id\":\"https:\/\/martinalovric.com\/impressum\/#primaryimage\",\"url\":\"https:\/\/martinalovric.com\/wp-content\/uploads\/2025\/04\/Ukras-desni.png\",\"contentUrl\":\"https:\/\/martinalovric.com\/wp-content\/uploads\/2025\/04\/Ukras-desni.png\"},{\"@type\":\"BreadcrumbList\",\"@id\":\"https:\/\/martinalovric.com\/impressum\/#breadcrumb\",\"itemListElement\":[{\"@type\":\"ListItem\",\"position\":1,\"name\":\"Home\",\"item\":\"https:\/\/martinalovric.com\/\"},{\"@type\":\"ListItem\",\"position\":2,\"name\":\"Impressum\"}]},{\"@type\":\"WebSite\",\"@id\":\"https:\/\/martinalovric.com\/#website\",\"url\":\"https:\/\/martinalovric.com\/\",\"name\":\"Martina Lovri\u0107 Fotografije\",\"description\":\"Zabilje\u017eite va\u0161e posebne trenutke\",\"publisher\":{\"@id\":\"https:\/\/martinalovric.com\/#\/schema\/person\/7de668631a5f39bef68e97925be21801\"},\"potentialAction\":[{\"@type\":\"SearchAction\",\"target\":{\"@type\":\"EntryPoint\",\"urlTemplate\":\"https:\/\/martinalovric.com\/?s={search_term_string}\"},\"query-input\":{\"@type\":\"PropertyValueSpecification\",\"valueRequired\":true,\"valueName\":\"search_term_string\"}}],\"inLanguage\":\"de-CH\"},{\"@type\":[\"Person\",\"Organization\"],\"@id\":\"https:\/\/martinalovric.com\/#\/schema\/person\/7de668631a5f39bef68e97925be21801\",\"name\":\"martinaadmin\",\"image\":{\"@type\":\"ImageObject\",\"inLanguage\":\"de-CH\",\"@id\":\"https:\/\/martinalovric.com\/#\/schema\/person\/image\/\",\"url\":\"https:\/\/martinalovric.com\/wp-content\/uploads\/2025\/04\/Martina-Lovric-fotografije.png\",\"contentUrl\":\"https:\/\/martinalovric.com\/wp-content\/uploads\/2025\/04\/Martina-Lovric-fotografije.png\",\"width\":420,\"height\":420,\"caption\":\"martinaadmin\"},\"logo\":{\"@id\":\"https:\/\/martinalovric.com\/#\/schema\/person\/image\/\"},\"sameAs\":[\"http:\/\/martinalovric.com\",\"https:\/\/www.facebook.com\/MartinaLovricPhotography\",\"https:\/\/www.instagram.com\/martinalovricphotography\/\"]}]}<\/script>\n<!-- \/ Yoast SEO plugin. -->","yoast_head_json":{"title":"Impressum - Zabilje\u017eite va\u0161e posebne trenutke","robots":{"index":"index","follow":"follow","max-snippet":"max-snippet:-1","max-image-preview":"max-image-preview:large","max-video-preview":"max-video-preview:-1"},"canonical":"https:\/\/martinalovric.com\/de\/impressum\/","og_locale":"de_DE","og_type":"article","og_title":"Impressum - Zabilje\u017eite va\u0161e posebne trenutke","og_description":"HYDRO LENS d.o.o. Sjedi\u0161te:\u202852 000 Pula OIB:03822522049 MBS:130158451 Puni naziv: HYDRO LENS dru\u0161tvo s ograni\u010denom odgovorno\u0161\u0107u za usluge Upravno tijelo: Trgova\u010dki sud u Pazinu Vlasnik: Mi\u0161o Lovri\u0107 IBAN: HR8124840081135420654 Zajedno stvarajmo uspomene koje \u0107e trajati zauvijek. DOGOVORITE SVOJ TERMIN","og_url":"https:\/\/martinalovric.com\/de\/impressum\/","og_site_name":"Martina Lovri\u0107 Fotografije","article_publisher":"https:\/\/www.facebook.com\/MartinaLovricPhotography","article_modified_time":"2025-06-09T12:18:51+00:00","og_image":[{"width":2976,"height":3867,"url":"https:\/\/martinalovric.com\/wp-content\/uploads\/2025\/04\/Ukras-desni.png","type":"image\/png"}],"twitter_card":"summary_large_image","twitter_misc":{"Gesch\u00e4tzte Lesezeit":"1\u00a0Minute"},"schema":{"@context":"https:\/\/schema.org","@graph":[{"@type":"WebPage","@id":"https:\/\/martinalovric.com\/impressum\/","url":"https:\/\/martinalovric.com\/impressum\/","name":"Impressum - Zabilje\u017eite va\u0161e posebne trenutke","isPartOf":{"@id":"https:\/\/martinalovric.com\/#website"},"primaryImageOfPage":{"@id":"https:\/\/martinalovric.com\/impressum\/#primaryimage"},"image":{"@id":"https:\/\/martinalovric.com\/impressum\/#primaryimage"},"thumbnailUrl":"https:\/\/martinalovric.com\/wp-content\/uploads\/2025\/04\/Ukras-desni.png","datePublished":"2025-04-07T13:35:30+00:00","dateModified":"2025-06-09T12:18:51+00:00","breadcrumb":{"@id":"https:\/\/martinalovric.com\/impressum\/#breadcrumb"},"inLanguage":"de-CH","potentialAction":[{"@type":"ReadAction","target":["https:\/\/martinalovric.com\/impressum\/"]}]},{"@type":"ImageObject","inLanguage":"de-CH","@id":"https:\/\/martinalovric.com\/impressum\/#primaryimage","url":"https:\/\/martinalovric.com\/wp-content\/uploads\/2025\/04\/Ukras-desni.png","contentUrl":"https:\/\/martinalovric.com\/wp-content\/uploads\/2025\/04\/Ukras-desni.png"},{"@type":"BreadcrumbList","@id":"https:\/\/martinalovric.com\/impressum\/#breadcrumb","itemListElement":[{"@type":"ListItem","position":1,"name":"Home","item":"https:\/\/martinalovric.com\/"},{"@type":"ListItem","position":2,"name":"Impressum"}]},{"@type":"WebSite","@id":"https:\/\/martinalovric.com\/#website","url":"https:\/\/martinalovric.com\/","name":"Martina Lovri\u0107 Fotografije","description":"Zabilje\u017eite va\u0161e posebne trenutke","publisher":{"@id":"https:\/\/martinalovric.com\/#\/schema\/person\/7de668631a5f39bef68e97925be21801"},"potentialAction":[{"@type":"SearchAction","target":{"@type":"EntryPoint","urlTemplate":"https:\/\/martinalovric.com\/?s={search_term_string}"},"query-input":{"@type":"PropertyValueSpecification","valueRequired":true,"valueName":"search_term_string"}}],"inLanguage":"de-CH"},{"@type":["Person","Organization"],"@id":"https:\/\/martinalovric.com\/#\/schema\/person\/7de668631a5f39bef68e97925be21801","name":"martinaadmin","image":{"@type":"ImageObject","inLanguage":"de-CH","@id":"https:\/\/martinalovric.com\/#\/schema\/person\/image\/","url":"https:\/\/martinalovric.com\/wp-content\/uploads\/2025\/04\/Martina-Lovric-fotografije.png","contentUrl":"https:\/\/martinalovric.com\/wp-content\/uploads\/2025\/04\/Martina-Lovric-fotografije.png","width":420,"height":420,"caption":"martinaadmin"},"logo":{"@id":"https:\/\/martinalovric.com\/#\/schema\/person\/image\/"},"sameAs":["http:\/\/martinalovric.com","https:\/\/www.facebook.com\/MartinaLovricPhotography","https:\/\/www.instagram.com\/martinalovricphotography\/"]}]}},"_links":{"self":[{"href":"https:\/\/martinalovric.com\/de\/wp-json\/wp\/v2\/pages\/235","targetHints":{"allow":["GET"]}}],"collection":[{"href":"https:\/\/martinalovric.com\/de\/wp-json\/wp\/v2\/pages"}],"about":[{"href":"https:\/\/martinalovric.com\/de\/wp-json\/wp\/v2\/types\/page"}],"author":[{"embeddable":true,"href":"https:\/\/martinalovric.com\/de\/wp-json\/wp\/v2\/users\/1"}],"replies":[{"embeddable":true,"href":"https:\/\/martinalovric.com\/de\/wp-json\/wp\/v2\/comments?post=235"}],"version-history":[{"count":7,"href":"https:\/\/martinalovric.com\/de\/wp-json\/wp\/v2\/pages\/235\/revisions"}],"predecessor-version":[{"id":5042,"href":"https:\/\/martinalovric.com\/de\/wp-json\/wp\/v2\/pages\/235\/revisions\/5042"}],"wp:attachment":[{"href":"https:\/\/martinalovric.com\/de\/wp-json\/wp\/v2\/media?parent=235"}],"curies":[{"name":"wp","href":"https:\/\/api.w.org\/{rel}","templated":true}]}}